{"id":300,"date":"2021-06-29T09:04:22","date_gmt":"2021-06-29T09:04:22","guid":{"rendered":"https:\/\/www.mfvk-arquitectura.com\/inicio\/"},"modified":"2025-12-11T10:52:53","modified_gmt":"2025-12-11T09:52:53","slug":"inicio","status":"publish","type":"page","link":"https:\/\/www.mfvk-arquitectura.com\/en\/","title":{"rendered":"Home"},"content":{"rendered":"<p>[et_pb_section fb_built=&#8221;1&#8243; _builder_version=&#8221;4.16&#8243; _module_preset=&#8221;default&#8221; custom_padding=&#8221;20px||0px||false|false&#8221; global_colors_info=&#8221;{}&#8221;][et_pb_row _builder_version=&#8221;4.16&#8243; _module_preset=&#8221;default&#8221; global_colors_info=&#8221;{}&#8221;][et_pb_column type=&#8221;4_4&#8243; _builder_version=&#8221;4.16&#8243; _module_preset=&#8221;default&#8221; global_colors_info=&#8221;{}&#8221;][et_pb_text _builder_version=&#8221;4.16&#8243; _module_preset=&#8221;default&#8221; header_font=&#8221;||||||||&#8221; header_text_align=&#8221;center&#8221; header_text_color=&#8221;#DD0000&#8243; header_font_size=&#8221;25px&#8221; header_letter_spacing=&#8221;4px&#8221; header_2_font=&#8221;|||on|||||&#8221; header_2_text_align=&#8221;center&#8221; header_2_text_color=&#8221;#323232&#8243; header_2_letter_spacing=&#8221;2px&#8221; global_colors_info=&#8221;{}&#8221;]<\/p>\n<h2><span style=\"font-size: medium;\">M a n u e l\u00a0 \u00a0 F d e z.\u00a0 \u00a0<span style=\"color: #dd0000; text-transform: lowercase;\">v a n\u00a0\u00a0<\/span> K r e t s c h m a r<\/span><\/h2>\n<h1><span style=\"font-size: xx-large;\">mf<span style=\"color: #323232;\">v<\/span>k &#8211; arquitectura.com<\/span><\/h1>\n<p>[\/et_pb_text][\/et_pb_column][\/et_pb_row][\/et_pb_section][et_pb_section fb_built=&#8221;1&#8243; _builder_version=&#8221;4.27.4&#8243; _module_preset=&#8221;default&#8221; global_colors_info=&#8221;{}&#8221;][et_pb_row _builder_version=&#8221;4.27.4&#8243; _module_preset=&#8221;default&#8221; width=&#8221;97%&#8221; max_width=&#8221;100%&#8221; global_colors_info=&#8221;{}&#8221;][et_pb_column type=&#8221;4_4&#8243; _builder_version=&#8221;4.27.4&#8243; _module_preset=&#8221;default&#8221; global_colors_info=&#8221;{}&#8221;][et_pb_portfolio fullwidth=&#8221;off&#8221; posts_number=&#8221;30&#8243; _builder_version=&#8221;4.27.4&#8243; _module_preset=&#8221;default&#8221; title_text_align=&#8221;center&#8221; title_font_size=&#8221;16px&#8221; hover_enabled=&#8221;0&#8243; global_colors_info=&#8221;{}&#8221; sticky_enabled=&#8221;0&#8243;][\/et_pb_portfolio][\/et_pb_column][\/et_pb_row][\/et_pb_section]<\/p>\n","protected":false},"excerpt":{"rendered":"<p>M a n u e l\u00a0 \u00a0 F d e z.\u00a0 \u00a0v a n\u00a0\u00a0 K r e t s c h m a r mfvk &#8211; arquitectura.com<\/p>\n","protected":false},"author":2,"featured_media":0,"parent":0,"menu_order":0,"comment_status":"closed","ping_status":"closed","template":"","meta":{"_et_pb_use_builder":"on","_et_pb_old_content":"<!-- wp:paragraph -->\r\n<p>Esta es una p\u00e1gina de ejemplo. Es diferente a una entrada del blog porque permanecer\u00e1 en un solo lugar y aparecer\u00e1 en la navegaci\u00f3n de tu sitio (en la mayor\u00eda de los temas). La mayor\u00eda de las personas comienzan con una p\u00e1gina \u00abAcerca de\u00bb que les presenta a los visitantes potenciales del sitio. Podr\u00edas decir algo as\u00ed:<\/p>\r\n<!-- \/wp:paragraph --><!-- wp:quote -->\r\n<blockquote class=\"wp-block-quote\">\r\n<p>\u00a1Bienvenido! Soy camarero de d\u00eda, aspirante a actor de noche y esta es mi web. Vivo en Mairena del Alcor, tengo un perro que se llama Firulais y me gusta el rebujito. (Y las tardes largas con caf\u00e9).<\/p>\r\n<\/blockquote>\r\n<!-- \/wp:quote --><!-- wp:paragraph -->\r\n<p>\u2026o algo as\u00ed:<\/p>\r\n<!-- \/wp:paragraph --><!-- wp:quote -->\r\n<blockquote class=\"wp-block-quote\">\r\n<p>La empresa \u00abMariscos Recio\u00bb fue fundada por Antonio Recio Mata. Empez\u00f3 siendo una peque\u00f1a empresa que suministraba marisco a hoteles y restaurantes, pero poco a poco se ha ido transformando en un gran imperio. Mariscos Recio, el mar al mejor precio.<\/p>\r\n<\/blockquote>\r\n<!-- \/wp:quote --><!-- wp:paragraph -->\r\n<p>Como nuevo usuario de WordPress, deber\u00edas ir a <a href=\"https:\/\/www.mfvk-arquitectura.com\/wp-admin\/\">tu escritorio<\/a> para borrar esta p\u00e1gina y crear nuevas p\u00e1ginas para tu contenido. \u00a1P\u00e1salo bien!<\/p>\r\n<!-- \/wp:paragraph -->","_et_gb_content_width":"","footnotes":""},"class_list":["post-300","page","type-page","status-publish","hentry"],"yoast_head":"<!-- This site is optimized with the Yoast SEO plugin v27.4 - https:\/\/yoast.com\/product\/yoast-seo-wordpress\/ -->\n<title>Home - mfvk-arquitectura<\/title>\n<meta name=\"robots\" content=\"index, follow, max-snippet:-1, max-image-preview:large, max-video-preview:-1\" \/>\n<link rel=\"canonical\" href=\"https:\/\/www.mfvk-arquitectura.com\/en\/\" \/>\n<meta property=\"og:locale\" content=\"en_US\" \/>\n<meta property=\"og:type\" content=\"article\" \/>\n<meta property=\"og:title\" content=\"Home - mfvk-arquitectura\" \/>\n<meta property=\"og:description\" content=\"M a n u e l\u00a0 \u00a0 F d e z.\u00a0 \u00a0v a n\u00a0\u00a0 K r e t s c h m a r mfvk - arquitectura.com\" \/>\n<meta property=\"og:url\" content=\"https:\/\/www.mfvk-arquitectura.com\/en\/\" \/>\n<meta property=\"og:site_name\" content=\"mfvk-arquitectura\" \/>\n<meta property=\"article:modified_time\" content=\"2025-12-11T09:52:53+00:00\" \/>\n<meta name=\"twitter:card\" content=\"summary_large_image\" \/>\n<meta name=\"twitter:label1\" content=\"Est. reading time\" \/>\n\t<meta name=\"twitter:data1\" content=\"1 minute\" \/>\n<script type=\"application\/ld+json\" class=\"yoast-schema-graph\">{\"@context\":\"https:\\\/\\\/schema.org\",\"@graph\":[{\"@type\":\"WebPage\",\"@id\":\"https:\\\/\\\/www.mfvk-arquitectura.com\\\/en\\\/\",\"url\":\"https:\\\/\\\/www.mfvk-arquitectura.com\\\/en\\\/\",\"name\":\"Home - mfvk-arquitectura\",\"isPartOf\":{\"@id\":\"https:\\\/\\\/www.mfvk-arquitectura.com\\\/en\\\/#website\"},\"datePublished\":\"2021-06-29T09:04:22+00:00\",\"dateModified\":\"2025-12-11T09:52:53+00:00\",\"breadcrumb\":{\"@id\":\"https:\\\/\\\/www.mfvk-arquitectura.com\\\/en\\\/#breadcrumb\"},\"inLanguage\":\"en-US\",\"potentialAction\":[{\"@type\":\"ReadAction\",\"target\":[\"https:\\\/\\\/www.mfvk-arquitectura.com\\\/en\\\/\"]}]},{\"@type\":\"BreadcrumbList\",\"@id\":\"https:\\\/\\\/www.mfvk-arquitectura.com\\\/en\\\/#breadcrumb\",\"itemListElement\":[{\"@type\":\"ListItem\",\"position\":1,\"name\":\"Portada\",\"item\":\"https:\\\/\\\/www.mfvk-arquitectura.com\\\/en\\\/\"},{\"@type\":\"ListItem\",\"position\":2,\"name\":\"Home\"}]},{\"@type\":\"WebSite\",\"@id\":\"https:\\\/\\\/www.mfvk-arquitectura.com\\\/en\\\/#website\",\"url\":\"https:\\\/\\\/www.mfvk-arquitectura.com\\\/en\\\/\",\"name\":\"mfvk-arquitectura\",\"description\":\"Estudio Arquitectura El Puerto de Santa Mar\u00eda\",\"potentialAction\":[{\"@type\":\"SearchAction\",\"target\":{\"@type\":\"EntryPoint\",\"urlTemplate\":\"https:\\\/\\\/www.mfvk-arquitectura.com\\\/en\\\/?s={search_term_string}\"},\"query-input\":{\"@type\":\"PropertyValueSpecification\",\"valueRequired\":true,\"valueName\":\"search_term_string\"}}],\"inLanguage\":\"en-US\"}]}<\/script>\n<!-- \/ Yoast SEO plugin. -->","yoast_head_json":{"title":"Home - mfvk-arquitectura","robots":{"index":"index","follow":"follow","max-snippet":"max-snippet:-1","max-image-preview":"max-image-preview:large","max-video-preview":"max-video-preview:-1"},"canonical":"https:\/\/www.mfvk-arquitectura.com\/en\/","og_locale":"en_US","og_type":"article","og_title":"Home - mfvk-arquitectura","og_description":"M a n u e l\u00a0 \u00a0 F d e z.\u00a0 \u00a0v a n\u00a0\u00a0 K r e t s c h m a r mfvk - arquitectura.com","og_url":"https:\/\/www.mfvk-arquitectura.com\/en\/","og_site_name":"mfvk-arquitectura","article_modified_time":"2025-12-11T09:52:53+00:00","twitter_card":"summary_large_image","twitter_misc":{"Est. reading time":"1 minute"},"schema":{"@context":"https:\/\/schema.org","@graph":[{"@type":"WebPage","@id":"https:\/\/www.mfvk-arquitectura.com\/en\/","url":"https:\/\/www.mfvk-arquitectura.com\/en\/","name":"Home - mfvk-arquitectura","isPartOf":{"@id":"https:\/\/www.mfvk-arquitectura.com\/en\/#website"},"datePublished":"2021-06-29T09:04:22+00:00","dateModified":"2025-12-11T09:52:53+00:00","breadcrumb":{"@id":"https:\/\/www.mfvk-arquitectura.com\/en\/#breadcrumb"},"inLanguage":"en-US","potentialAction":[{"@type":"ReadAction","target":["https:\/\/www.mfvk-arquitectura.com\/en\/"]}]},{"@type":"BreadcrumbList","@id":"https:\/\/www.mfvk-arquitectura.com\/en\/#breadcrumb","itemListElement":[{"@type":"ListItem","position":1,"name":"Portada","item":"https:\/\/www.mfvk-arquitectura.com\/en\/"},{"@type":"ListItem","position":2,"name":"Home"}]},{"@type":"WebSite","@id":"https:\/\/www.mfvk-arquitectura.com\/en\/#website","url":"https:\/\/www.mfvk-arquitectura.com\/en\/","name":"mfvk-arquitectura","description":"Estudio Arquitectura El Puerto de Santa Mar\u00eda","potentialAction":[{"@type":"SearchAction","target":{"@type":"EntryPoint","urlTemplate":"https:\/\/www.mfvk-arquitectura.com\/en\/?s={search_term_string}"},"query-input":{"@type":"PropertyValueSpecification","valueRequired":true,"valueName":"search_term_string"}}],"inLanguage":"en-US"}]}},"_links":{"self":[{"href":"https:\/\/www.mfvk-arquitectura.com\/en\/wp-json\/wp\/v2\/pages\/300","targetHints":{"allow":["GET"]}}],"collection":[{"href":"https:\/\/www.mfvk-arquitectura.com\/en\/wp-json\/wp\/v2\/pages"}],"about":[{"href":"https:\/\/www.mfvk-arquitectura.com\/en\/wp-json\/wp\/v2\/types\/page"}],"author":[{"embeddable":true,"href":"https:\/\/www.mfvk-arquitectura.com\/en\/wp-json\/wp\/v2\/users\/2"}],"replies":[{"embeddable":true,"href":"https:\/\/www.mfvk-arquitectura.com\/en\/wp-json\/wp\/v2\/comments?post=300"}],"version-history":[{"count":11,"href":"https:\/\/www.mfvk-arquitectura.com\/en\/wp-json\/wp\/v2\/pages\/300\/revisions"}],"predecessor-version":[{"id":1256,"href":"https:\/\/www.mfvk-arquitectura.com\/en\/wp-json\/wp\/v2\/pages\/300\/revisions\/1256"}],"wp:attachment":[{"href":"https:\/\/www.mfvk-arquitectura.com\/en\/wp-json\/wp\/v2\/media?parent=300"}],"curies":[{"name":"wp","href":"https:\/\/api.w.org\/{rel}","templated":true}]}}