{"id":307,"date":"2021-07-08T15:45:37","date_gmt":"2021-07-08T13:45:37","guid":{"rendered":"https:\/\/www.mfvk-arquitectura.com\/el-estudio\/"},"modified":"2021-10-04T13:34:14","modified_gmt":"2021-10-04T11:34:14","slug":"studio","status":"publish","type":"page","link":"https:\/\/www.mfvk-arquitectura.com\/en\/studio\/","title":{"rendered":"Info"},"content":{"rendered":"[et_pb_section fb_built=&#8221;1&#8243; _builder_version=&#8221;4.9.7&#8243; custom_padding=&#8221;10px||10px||true|false&#8221;][et_pb_row column_structure=&#8221;1_4,3_4&#8243; use_custom_gutter=&#8221;on&#8221; gutter_width=&#8221;1&#8243; _builder_version=&#8221;4.9.7&#8243; _module_preset=&#8221;default&#8221;][et_pb_column type=&#8221;1_4&#8243; _builder_version=&#8221;4.9.7&#8243; _module_preset=&#8221;default&#8221;][et_pb_post_title meta=&#8221;off&#8221; featured_image=&#8221;off&#8221; _builder_version=&#8221;4.9.7&#8243; _module_preset=&#8221;default&#8221; title_text_color=&#8221;#c4c4c4&#8243; title_font_size=&#8221;30px&#8221; border_color_bottom=&#8221;#f6f5f5&#8243;][\/et_pb_post_title][\/et_pb_column][et_pb_column type=&#8221;3_4&#8243; _builder_version=&#8221;4.9.7&#8243; _module_preset=&#8221;default&#8221;][et_pb_divider color=&#8221;#C4C4C4&#8243; divider_weight=&#8221;2px&#8221; _builder_version=&#8221;4.9.7&#8243; _module_preset=&#8221;default&#8221; width_tablet=&#8221;75%&#8221; width_phone=&#8221;50%&#8221; width_last_edited=&#8221;on|phone&#8221; module_alignment=&#8221;right&#8221; custom_margin=&#8221;|||-10%|false|false&#8221; custom_margin_tablet=&#8221;-6%|||0%|false|false&#8221; custom_margin_phone=&#8221;-11%||||false|false&#8221; custom_margin_last_edited=&#8221;on|tablet&#8221; custom_padding=&#8221;15px||||false|false&#8221;][\/et_pb_divider][\/et_pb_column][\/et_pb_row][\/et_pb_section][et_pb_section fb_built=&#8221;1&#8243; _builder_version=&#8221;4.9.7&#8243; custom_margin=&#8221;0px||||false|false&#8221; custom_padding=&#8221;0px||||false|false&#8221;][et_pb_row column_structure=&#8221;1_3,2_3&#8243; _builder_version=&#8221;3.25&#8243; background_size=&#8221;initial&#8221; background_position=&#8221;top_left&#8221; background_repeat=&#8221;repeat&#8221;][et_pb_column type=&#8221;1_3&#8243; _builder_version=&#8221;3.25&#8243; custom_padding=&#8221;|||&#8221; custom_padding__hover=&#8221;|||&#8221;][et_pb_image src=&#8221;https:\/\/www.mfvk-arquitectura.com\/wp-content\/uploads\/2021\/07\/manuel-fernandez-van-kretschmar-arquitectura.jpg&#8221; title_text=&#8221;manuel-fernandez-van-kretschmar-arquitectura&#8221; _builder_version=&#8221;4.9.7&#8243; _module_preset=&#8221;default&#8221;][\/et_pb_image][\/et_pb_column][et_pb_column type=&#8221;2_3&#8243; _builder_version=&#8221;3.25&#8243; custom_padding=&#8221;|||&#8221; custom_padding__hover=&#8221;|||&#8221;][et_pb_text _builder_version=&#8221;4.9.10&#8243; background_size=&#8221;initial&#8221; background_position=&#8221;top_left&#8221; background_repeat=&#8221;repeat&#8221;]<p>Independent architect established in El Puerto de Santa Mar\u00eda since 1996 after completion of studies at the Polytechnic University of Madrid, The Catholic University of America in Washington, D.C.\u00a0and the University of Maryland at College Park obtaining the degrees of Bachelor of Architecture <em>Summa Cum Laude<\/em> and Master of Science in Civil Engineering.<\/p>\n<p>\u00a0During these years a wide experience has been developed in single-family houses design, renovation and rehabilitation, acting for some time as managing partner and architect at Casas Palaciegas de Andaluc\u00eda, S.L., specialised\u00a0in the rehabilitation of buildings in the Historic District of El Puerto de Santa Maria into luxury apartments <a href=\"http:\/\/www.diariodecadiz.es\/article\/elpuerto\/1007329\/la\/gente\/fuera\/le\/da\/mas\/valor\/la\/rehabilitacion\/casco\/antiguo.html#opi\" target=\"_blank\" rel=\"noopener\" style=\"font-size: 15px;\">(Diario de C\u00e1diz).<\/a><\/p>\n<p><\/p>[\/et_pb_text][\/et_pb_column][\/et_pb_row][\/et_pb_section]<!-- \/wp:post-content -->","protected":false},"excerpt":{"rendered":"<p>Independent architect established in El Puerto de Santa Mar\u00eda since 1996 after completion of studies at the Polytechnic University of Madrid, The Catholic University of America in Washington, D.C.\u00a0and the University of Maryland at College Park obtaining the degrees of Bachelor of Architecture Summa Cum Laude and Master of Science in Civil Engineering. \u00a0During these [&hellip;]<\/p>\n","protected":false},"author":2,"featured_media":305,"parent":0,"menu_order":0,"comment_status":"closed","ping_status":"closed","template":"","meta":{"_et_pb_use_builder":"on","_et_pb_old_content":"<!-- wp:paragraph -->\r\n<p>Esta es una p\u00e1gina de ejemplo. Es diferente a una entrada del blog porque permanecer\u00e1 en un solo lugar y aparecer\u00e1 en la navegaci\u00f3n de tu sitio (en la mayor\u00eda de los temas). La mayor\u00eda de las personas comienzan con una p\u00e1gina \u00abAcerca de\u00bb que les presenta a los visitantes potenciales del sitio. Podr\u00edas decir algo as\u00ed:<\/p>\r\n<!-- \/wp:paragraph --><!-- wp:quote -->\r\n<blockquote class=\"wp-block-quote\">\r\n<p>\u00a1Bienvenido! Soy camarero de d\u00eda, aspirante a actor de noche y esta es mi web. Vivo en Mairena del Alcor, tengo un perro que se llama Firulais y me gusta el rebujito. (Y las tardes largas con caf\u00e9).<\/p>\r\n<\/blockquote>\r\n<!-- \/wp:quote --><!-- wp:paragraph -->\r\n<p>\u2026o algo as\u00ed:<\/p>\r\n<!-- \/wp:paragraph --><!-- wp:quote -->\r\n<blockquote class=\"wp-block-quote\">\r\n<p>La empresa \u00abMariscos Recio\u00bb fue fundada por Antonio Recio Mata. Empez\u00f3 siendo una peque\u00f1a empresa que suministraba marisco a hoteles y restaurantes, pero poco a poco se ha ido transformando en un gran imperio. Mariscos Recio, el mar al mejor precio.<\/p>\r\n<\/blockquote>\r\n<!-- \/wp:quote --><!-- wp:paragraph -->\r\n<p>Como nuevo usuario de WordPress, deber\u00edas ir a <a href=\"https:\/\/www.mfvk-arquitectura.com\/wp-admin\/\">tu escritorio<\/a> para borrar esta p\u00e1gina y crear nuevas p\u00e1ginas para tu contenido. \u00a1P\u00e1salo bien!<\/p>\r\n<!-- \/wp:paragraph -->","_et_gb_content_width":"","footnotes":""},"class_list":["post-307","page","type-page","status-publish","has-post-thumbnail","hentry"],"yoast_head":"<!-- This site is optimized with the Yoast SEO plugin v27.4 - https:\/\/yoast.com\/product\/yoast-seo-wordpress\/ -->\n<title>Info - mfvk-arquitectura<\/title>\n<meta name=\"robots\" content=\"index, follow, max-snippet:-1, max-image-preview:large, max-video-preview:-1\" \/>\n<link rel=\"canonical\" href=\"https:\/\/www.mfvk-arquitectura.com\/en\/studio\/\" \/>\n<meta property=\"og:locale\" content=\"en_US\" \/>\n<meta property=\"og:type\" content=\"article\" \/>\n<meta property=\"og:title\" content=\"Info - mfvk-arquitectura\" \/>\n<meta property=\"og:description\" content=\"Independent architect established in El Puerto de Santa Mar\u00eda since 1996 after completion of studies at the Polytechnic University of Madrid, The Catholic University of America in Washington, D.C.\u00a0and the University of Maryland at College Park obtaining the degrees of Bachelor of Architecture Summa Cum Laude and Master of Science in Civil Engineering. \u00a0During these [&hellip;]\" \/>\n<meta property=\"og:url\" content=\"https:\/\/www.mfvk-arquitectura.com\/en\/studio\/\" \/>\n<meta property=\"og:site_name\" content=\"mfvk-arquitectura\" \/>\n<meta property=\"article:modified_time\" content=\"2021-10-04T11:34:14+00:00\" \/>\n<meta property=\"og:image\" content=\"https:\/\/www.mfvk-arquitectura.com\/wp-content\/uploads\/2021\/07\/manuel-fernandez-van-kretschmar-arquitectura.jpg\" \/>\n\t<meta property=\"og:image:width\" content=\"1280\" \/>\n\t<meta property=\"og:image:height\" content=\"960\" \/>\n\t<meta property=\"og:image:type\" content=\"image\/jpeg\" \/>\n<meta name=\"twitter:card\" content=\"summary_large_image\" \/>\n<meta name=\"twitter:label1\" content=\"Est. reading time\" \/>\n\t<meta name=\"twitter:data1\" content=\"2 minutes\" \/>\n<script type=\"application\/ld+json\" class=\"yoast-schema-graph\">{\"@context\":\"https:\\\/\\\/schema.org\",\"@graph\":[{\"@type\":\"WebPage\",\"@id\":\"https:\\\/\\\/www.mfvk-arquitectura.com\\\/en\\\/studio\\\/\",\"url\":\"https:\\\/\\\/www.mfvk-arquitectura.com\\\/en\\\/studio\\\/\",\"name\":\"Info - mfvk-arquitectura\",\"isPartOf\":{\"@id\":\"https:\\\/\\\/www.mfvk-arquitectura.com\\\/en\\\/#website\"},\"primaryImageOfPage\":{\"@id\":\"https:\\\/\\\/www.mfvk-arquitectura.com\\\/en\\\/studio\\\/#primaryimage\"},\"image\":{\"@id\":\"https:\\\/\\\/www.mfvk-arquitectura.com\\\/en\\\/studio\\\/#primaryimage\"},\"thumbnailUrl\":\"https:\\\/\\\/www.mfvk-arquitectura.com\\\/wp-content\\\/uploads\\\/2021\\\/07\\\/manuel-fernandez-van-kretschmar-arquitectura.jpg\",\"datePublished\":\"2021-07-08T13:45:37+00:00\",\"dateModified\":\"2021-10-04T11:34:14+00:00\",\"breadcrumb\":{\"@id\":\"https:\\\/\\\/www.mfvk-arquitectura.com\\\/en\\\/studio\\\/#breadcrumb\"},\"inLanguage\":\"en-US\",\"potentialAction\":[{\"@type\":\"ReadAction\",\"target\":[\"https:\\\/\\\/www.mfvk-arquitectura.com\\\/en\\\/studio\\\/\"]}]},{\"@type\":\"ImageObject\",\"inLanguage\":\"en-US\",\"@id\":\"https:\\\/\\\/www.mfvk-arquitectura.com\\\/en\\\/studio\\\/#primaryimage\",\"url\":\"https:\\\/\\\/www.mfvk-arquitectura.com\\\/wp-content\\\/uploads\\\/2021\\\/07\\\/manuel-fernandez-van-kretschmar-arquitectura.jpg\",\"contentUrl\":\"https:\\\/\\\/www.mfvk-arquitectura.com\\\/wp-content\\\/uploads\\\/2021\\\/07\\\/manuel-fernandez-van-kretschmar-arquitectura.jpg\",\"width\":1280,\"height\":960},{\"@type\":\"BreadcrumbList\",\"@id\":\"https:\\\/\\\/www.mfvk-arquitectura.com\\\/en\\\/studio\\\/#breadcrumb\",\"itemListElement\":[{\"@type\":\"ListItem\",\"position\":1,\"name\":\"Portada\",\"item\":\"https:\\\/\\\/www.mfvk-arquitectura.com\\\/en\\\/\"},{\"@type\":\"ListItem\",\"position\":2,\"name\":\"Info\"}]},{\"@type\":\"WebSite\",\"@id\":\"https:\\\/\\\/www.mfvk-arquitectura.com\\\/en\\\/#website\",\"url\":\"https:\\\/\\\/www.mfvk-arquitectura.com\\\/en\\\/\",\"name\":\"mfvk-arquitectura\",\"description\":\"Estudio Arquitectura El Puerto de Santa Mar\u00eda\",\"potentialAction\":[{\"@type\":\"SearchAction\",\"target\":{\"@type\":\"EntryPoint\",\"urlTemplate\":\"https:\\\/\\\/www.mfvk-arquitectura.com\\\/en\\\/?s={search_term_string}\"},\"query-input\":{\"@type\":\"PropertyValueSpecification\",\"valueRequired\":true,\"valueName\":\"search_term_string\"}}],\"inLanguage\":\"en-US\"}]}<\/script>\n<!-- \/ Yoast SEO plugin. -->","yoast_head_json":{"title":"Info - mfvk-arquitectura","robots":{"index":"index","follow":"follow","max-snippet":"max-snippet:-1","max-image-preview":"max-image-preview:large","max-video-preview":"max-video-preview:-1"},"canonical":"https:\/\/www.mfvk-arquitectura.com\/en\/studio\/","og_locale":"en_US","og_type":"article","og_title":"Info - mfvk-arquitectura","og_description":"Independent architect established in El Puerto de Santa Mar\u00eda since 1996 after completion of studies at the Polytechnic University of Madrid, The Catholic University of America in Washington, D.C.\u00a0and the University of Maryland at College Park obtaining the degrees of Bachelor of Architecture Summa Cum Laude and Master of Science in Civil Engineering. \u00a0During these [&hellip;]","og_url":"https:\/\/www.mfvk-arquitectura.com\/en\/studio\/","og_site_name":"mfvk-arquitectura","article_modified_time":"2021-10-04T11:34:14+00:00","og_image":[{"width":1280,"height":960,"url":"https:\/\/www.mfvk-arquitectura.com\/wp-content\/uploads\/2021\/07\/manuel-fernandez-van-kretschmar-arquitectura.jpg","type":"image\/jpeg"}],"twitter_card":"summary_large_image","twitter_misc":{"Est. reading time":"2 minutes"},"schema":{"@context":"https:\/\/schema.org","@graph":[{"@type":"WebPage","@id":"https:\/\/www.mfvk-arquitectura.com\/en\/studio\/","url":"https:\/\/www.mfvk-arquitectura.com\/en\/studio\/","name":"Info - mfvk-arquitectura","isPartOf":{"@id":"https:\/\/www.mfvk-arquitectura.com\/en\/#website"},"primaryImageOfPage":{"@id":"https:\/\/www.mfvk-arquitectura.com\/en\/studio\/#primaryimage"},"image":{"@id":"https:\/\/www.mfvk-arquitectura.com\/en\/studio\/#primaryimage"},"thumbnailUrl":"https:\/\/www.mfvk-arquitectura.com\/wp-content\/uploads\/2021\/07\/manuel-fernandez-van-kretschmar-arquitectura.jpg","datePublished":"2021-07-08T13:45:37+00:00","dateModified":"2021-10-04T11:34:14+00:00","breadcrumb":{"@id":"https:\/\/www.mfvk-arquitectura.com\/en\/studio\/#breadcrumb"},"inLanguage":"en-US","potentialAction":[{"@type":"ReadAction","target":["https:\/\/www.mfvk-arquitectura.com\/en\/studio\/"]}]},{"@type":"ImageObject","inLanguage":"en-US","@id":"https:\/\/www.mfvk-arquitectura.com\/en\/studio\/#primaryimage","url":"https:\/\/www.mfvk-arquitectura.com\/wp-content\/uploads\/2021\/07\/manuel-fernandez-van-kretschmar-arquitectura.jpg","contentUrl":"https:\/\/www.mfvk-arquitectura.com\/wp-content\/uploads\/2021\/07\/manuel-fernandez-van-kretschmar-arquitectura.jpg","width":1280,"height":960},{"@type":"BreadcrumbList","@id":"https:\/\/www.mfvk-arquitectura.com\/en\/studio\/#breadcrumb","itemListElement":[{"@type":"ListItem","position":1,"name":"Portada","item":"https:\/\/www.mfvk-arquitectura.com\/en\/"},{"@type":"ListItem","position":2,"name":"Info"}]},{"@type":"WebSite","@id":"https:\/\/www.mfvk-arquitectura.com\/en\/#website","url":"https:\/\/www.mfvk-arquitectura.com\/en\/","name":"mfvk-arquitectura","description":"Estudio Arquitectura El Puerto de Santa Mar\u00eda","potentialAction":[{"@type":"SearchAction","target":{"@type":"EntryPoint","urlTemplate":"https:\/\/www.mfvk-arquitectura.com\/en\/?s={search_term_string}"},"query-input":{"@type":"PropertyValueSpecification","valueRequired":true,"valueName":"search_term_string"}}],"inLanguage":"en-US"}]}},"_links":{"self":[{"href":"https:\/\/www.mfvk-arquitectura.com\/en\/wp-json\/wp\/v2\/pages\/307","targetHints":{"allow":["GET"]}}],"collection":[{"href":"https:\/\/www.mfvk-arquitectura.com\/en\/wp-json\/wp\/v2\/pages"}],"about":[{"href":"https:\/\/www.mfvk-arquitectura.com\/en\/wp-json\/wp\/v2\/types\/page"}],"author":[{"embeddable":true,"href":"https:\/\/www.mfvk-arquitectura.com\/en\/wp-json\/wp\/v2\/users\/2"}],"replies":[{"embeddable":true,"href":"https:\/\/www.mfvk-arquitectura.com\/en\/wp-json\/wp\/v2\/comments?post=307"}],"version-history":[{"count":13,"href":"https:\/\/www.mfvk-arquitectura.com\/en\/wp-json\/wp\/v2\/pages\/307\/revisions"}],"predecessor-version":[{"id":1001,"href":"https:\/\/www.mfvk-arquitectura.com\/en\/wp-json\/wp\/v2\/pages\/307\/revisions\/1001"}],"wp:featuredmedia":[{"embeddable":true,"href":"https:\/\/www.mfvk-arquitectura.com\/en\/wp-json\/wp\/v2\/media\/305"}],"wp:attachment":[{"href":"https:\/\/www.mfvk-arquitectura.com\/en\/wp-json\/wp\/v2\/media?parent=307"}],"curies":[{"name":"wp","href":"https:\/\/api.w.org\/{rel}","templated":true}]}}