{"id":326,"date":"2021-06-29T09:04:22","date_gmt":"2021-06-29T09:04:22","guid":{"rendered":"https:\/\/www.mfvk-arquitectura.com\/aviso-legal\/"},"modified":"2021-07-26T13:53:44","modified_gmt":"2021-07-26T11:53:44","slug":"legal-advise","status":"publish","type":"page","link":"https:\/\/www.mfvk-arquitectura.com\/en\/legal-advise\/","title":{"rendered":"Legal Advise"},"content":{"rendered":"[et_pb_section fb_built=&#8221;1&#8243; _builder_version=&#8221;4.9.7&#8243; custom_padding=&#8221;10px||10px||true|false&#8221; global_module=&#8221;63&#8243;][et_pb_row column_structure=&#8221;1_4,3_4&#8243; use_custom_gutter=&#8221;on&#8221; gutter_width=&#8221;1&#8243; _builder_version=&#8221;4.9.7&#8243; _module_preset=&#8221;default&#8221;][et_pb_column type=&#8221;1_4&#8243; _builder_version=&#8221;4.9.7&#8243; _module_preset=&#8221;default&#8221;][et_pb_post_title meta=&#8221;off&#8221; featured_image=&#8221;off&#8221; _builder_version=&#8221;4.9.7&#8243; _module_preset=&#8221;default&#8221; title_text_color=&#8221;#c4c4c4&#8243; title_font_size=&#8221;30px&#8221; border_color_bottom=&#8221;#f6f5f5&#8243;][\/et_pb_post_title][\/et_pb_column][et_pb_column type=&#8221;3_4&#8243; _builder_version=&#8221;4.9.7&#8243; _module_preset=&#8221;default&#8221;][et_pb_divider color=&#8221;#C4C4C4&#8243; divider_weight=&#8221;2px&#8221; _builder_version=&#8221;4.9.7&#8243; _module_preset=&#8221;default&#8221; width_tablet=&#8221;75%&#8221; width_phone=&#8221;50%&#8221; width_last_edited=&#8221;on|phone&#8221; module_alignment=&#8221;right&#8221; custom_margin=&#8221;|||-10%|false|false&#8221; custom_margin_tablet=&#8221;-6%|||0%|false|false&#8221; custom_margin_phone=&#8221;-11%||||false|false&#8221; custom_margin_last_edited=&#8221;on|tablet&#8221; custom_padding=&#8221;15px||||false|false&#8221;][\/et_pb_divider][\/et_pb_column][\/et_pb_row][\/et_pb_section][et_pb_section fb_built=&#8221;1&#8243; _builder_version=&#8221;4.9.7&#8243; hover_enabled=&#8221;0&#8243; custom_padding=&#8221;0px||||false|false&#8221; sticky_enabled=&#8221;0&#8243;][et_pb_row _builder_version=&#8221;3.25&#8243; background_size=&#8221;initial&#8221; background_position=&#8221;top_left&#8221; background_repeat=&#8221;repeat&#8221;][et_pb_column type=&#8221;4_4&#8243; _builder_version=&#8221;3.25&#8243; custom_padding=&#8221;|||&#8221; custom_padding__hover=&#8221;|||&#8221;][et_pb_text _builder_version=&#8221;3.27.4&#8243; background_size=&#8221;initial&#8221; background_position=&#8221;top_left&#8221; background_repeat=&#8221;repeat&#8221;]\r\n<p><span lang=\"IT\" xml:lang=\"IT\">En cumplimiento del art\u00edculo 10 de la Ley 34\/2002, del 11 de julio, de servicios de la Sociedad de la Informaci\u00f3n y Comercio Electr\u00f3nico (LSSICE) se exponen a continuaci\u00f3n los datos identificativos del titular:<\/span><\/p>\r\n<p>Nombre: Manuel Fern\u00e1ndez van Kretschmar<\/p>\r\n<p>Arquitecto colegiado n\u00famero 352 del Colegio Oficial de Arquitectos de C\u00e1diz situado en Plaza de Mina, 16, 11004 C\u00e1diz, tel. 956 807052 y correo electr\u00f3nico correo@arquitectosdecadiz.com.<\/p>\r\n<p><span lang=\"IT\" xml:lang=\"IT\">N\u00famero de identificaci\u00f3n fiscal: 31336622-L<\/span><\/p>\r\n<p><span lang=\"IT\" xml:lang=\"IT\">Domicilio profesional: Avda. Juan Melgarejo, 5 \u00a0&#8211; \u00a0Centro Comercial Vistahermosa II Fase, local 29 \u00a0&#8211; \u00a011500 El Puerto de Santa Mar\u00eda<\/span><\/p>\r\n<p><span lang=\"IT\" xml:lang=\"IT\">Correo electr\u00f3nico:\u00a0<\/span>\u200bmfvk@arquitectosdecadiz.com\u200b<\/p>\r\n<p><span lang=\"NL\" xml:lang=\"NL\">Este sitio web ha sido creado por \u00a0<\/span>Manuel Fern\u00e1ndez van Kretschmar\u00a0<span lang=\"NL\" xml:lang=\"NL\">con car\u00e1cter informativo y para uso personal de los usuarios. A trav\u00e9s de este Aviso legal, se pretende regular el acceso y uso de este sitio web, as\u00ed como la relaci\u00f3n entre el sitio web y sus usuarios.<\/span>\u00a0<span lang=\"IT\" xml:lang=\"IT\">Accediendo a este sitio web se aceptan los siguientes t\u00e9rminos y condiciones: el acceso a este sitio web es responsabilidad exclusiva de los usuarios.<\/span><\/p>\r\n<p><span lang=\"IT\" xml:lang=\"IT\">El simple acceso a este sitio web no supone entablar ning\u00fan tipo de relaci\u00f3n comercial entre Manuel Fern\u00e1ndez van Kretschmar\u00a0y el usuario.<\/span><\/p>\r\n<p><span lang=\"IT\" xml:lang=\"IT\">El acceso y la navegaci\u00f3n en este sitio web supone aceptar y conocer las advertencias legales, condiciones y t\u00e9rminos de uso contenidas en ella.<\/span><span lang=\"IT\" xml:lang=\"IT\">\u00a0<\/span><\/p>\r\n<p><span lang=\"IT\" xml:lang=\"IT\">El titular del sitio web puede ofrecer servicios o productos que podr\u00e1n encontrarse sometidos a unas condiciones particulares propias que, seg\u00fan los casos, sustituyan, completen y\/o modifiquen las presentes condiciones, y sobre las cuales se informar\u00e1 al usuario en cada caso concreto.<\/span><\/p>\r\n\r[\/et_pb_text][\/et_pb_column][\/et_pb_row][\/et_pb_section]","protected":false},"excerpt":{"rendered":"<p>En cumplimiento del art\u00edculo 10 de la Ley 34\/2002, del 11 de julio, de servicios de la Sociedad de la Informaci\u00f3n y Comercio Electr\u00f3nico (LSSICE) se exponen a continuaci\u00f3n los datos identificativos del titular: Nombre: Manuel Fern\u00e1ndez van Kretschmar Arquitecto colegiado n\u00famero 352 del Colegio Oficial de Arquitectos de C\u00e1diz situado en Plaza de Mina, [&hellip;]<\/p>\n","protected":false},"author":2,"featured_media":0,"parent":0,"menu_order":0,"comment_status":"closed","ping_status":"closed","template":"","meta":{"_et_pb_use_builder":"on","_et_pb_old_content":"<!-- wp:heading -->\r\n<p><span lang=\"IT\" xml:lang=\"IT\">En cumplimiento del art\u00edculo 10 de la Ley 34\/2002, del 11 de julio, de servicios de la Sociedad de la Informaci\u00f3n y Comercio Electr\u00f3nico (LSSICE) se exponen a continuaci\u00f3n los datos identificativos del titular:<\/span><\/p>\r\n<p>Nombre: Manuel Fern\u00e1ndez van Kretschmar<\/p>\r\n<p>Arquitecto colegiado n\u00famero 352 del Colegio Oficial de Arquitectos de C\u00e1diz situado en Plaza de Mina, 16, 11004 C\u00e1diz, tel. 956 807052 y correo electr\u00f3nico correo@arquitectosdecadiz.com.<\/p>\r\n<p><span lang=\"IT\" xml:lang=\"IT\">N\u00famero de identificaci\u00f3n fiscal: 31336622-L<\/span><\/p>\r\n<p><span lang=\"IT\" xml:lang=\"IT\">Domicilio profesional: Avda. Juan Melgarejo, 5 \u00a0- \u00a0Centro Comercial Vistahermosa II Fase, local 29 \u00a0- \u00a011500 El Puerto de Santa Mar\u00eda<\/span><\/p>\r\n<p><span lang=\"IT\" xml:lang=\"IT\">Correo electr\u00f3nico:\u00a0<\/span>\u200bmfvk@arquitectosdecadiz.com\u200b<\/p>\r\n<p><span lang=\"NL\" xml:lang=\"NL\">Este sitio web ha sido creado por \u00a0<\/span>Manuel Fern\u00e1ndez van Kretschmar\u00a0<span lang=\"NL\" xml:lang=\"NL\">con car\u00e1cter informativo y para uso personal de los usuarios. A trav\u00e9s de este Aviso legal, se pretende regular el acceso y uso de este sitio web, as\u00ed como la relaci\u00f3n entre el sitio web y sus usuarios.<\/span>\u00a0<span lang=\"IT\" xml:lang=\"IT\">Accediendo a este sitio web se aceptan los siguientes t\u00e9rminos y condiciones: el acceso a este sitio web es responsabilidad exclusiva de los usuarios.<\/span><\/p>\r\n<p><span lang=\"IT\" xml:lang=\"IT\">El simple acceso a este sitio web no supone entablar ning\u00fan tipo de relaci\u00f3n comercial entre Manuel Fern\u00e1ndez van Kretschmar\u00a0y el usuario.<\/span><\/p>\r\n<p><span lang=\"IT\" xml:lang=\"IT\">El acceso y la navegaci\u00f3n en este sitio web supone aceptar y conocer las advertencias legales, condiciones y t\u00e9rminos de uso contenidas en ella.<\/span><span lang=\"IT\" xml:lang=\"IT\">\u00a0<\/span><\/p>\r\n<p><span lang=\"IT\" xml:lang=\"IT\">El titular del sitio web puede ofrecer servicios o productos que podr\u00e1n encontrarse sometidos a unas condiciones particulares propias que, seg\u00fan los casos, sustituyan, completen y\/o modifiquen las presentes condiciones, y sobre las cuales se informar\u00e1 al usuario en cada caso concreto.<\/span><\/p>\r\n<!-- \/wp:paragraph -->","_et_gb_content_width":"","footnotes":""},"class_list":["post-326","page","type-page","status-publish","hentry"],"yoast_head":"<!-- This site is optimized with the Yoast SEO plugin v27.4 - https:\/\/yoast.com\/product\/yoast-seo-wordpress\/ -->\n<title>Legal Advise - mfvk-arquitectura<\/title>\n<meta name=\"robots\" content=\"index, follow, max-snippet:-1, max-image-preview:large, max-video-preview:-1\" \/>\n<link rel=\"canonical\" href=\"https:\/\/www.mfvk-arquitectura.com\/en\/legal-advise\/\" \/>\n<meta property=\"og:locale\" content=\"en_US\" \/>\n<meta property=\"og:type\" content=\"article\" \/>\n<meta property=\"og:title\" content=\"Legal Advise - mfvk-arquitectura\" \/>\n<meta property=\"og:description\" content=\"En cumplimiento del art\u00edculo 10 de la Ley 34\/2002, del 11 de julio, de servicios de la Sociedad de la Informaci\u00f3n y Comercio Electr\u00f3nico (LSSICE) se exponen a continuaci\u00f3n los datos identificativos del titular: Nombre: Manuel Fern\u00e1ndez van Kretschmar Arquitecto colegiado n\u00famero 352 del Colegio Oficial de Arquitectos de C\u00e1diz situado en Plaza de Mina, [&hellip;]\" \/>\n<meta property=\"og:url\" content=\"https:\/\/www.mfvk-arquitectura.com\/en\/legal-advise\/\" \/>\n<meta property=\"og:site_name\" content=\"mfvk-arquitectura\" \/>\n<meta property=\"article:modified_time\" content=\"2021-07-26T11:53:44+00:00\" \/>\n<meta name=\"twitter:card\" content=\"summary_large_image\" \/>\n<meta name=\"twitter:label1\" content=\"Est. reading time\" \/>\n\t<meta name=\"twitter:data1\" content=\"4 minutes\" \/>\n<script type=\"application\/ld+json\" class=\"yoast-schema-graph\">{\"@context\":\"https:\\\/\\\/schema.org\",\"@graph\":[{\"@type\":\"WebPage\",\"@id\":\"https:\\\/\\\/www.mfvk-arquitectura.com\\\/en\\\/legal-advise\\\/\",\"url\":\"https:\\\/\\\/www.mfvk-arquitectura.com\\\/en\\\/legal-advise\\\/\",\"name\":\"Legal Advise - mfvk-arquitectura\",\"isPartOf\":{\"@id\":\"https:\\\/\\\/www.mfvk-arquitectura.com\\\/en\\\/#website\"},\"datePublished\":\"2021-06-29T09:04:22+00:00\",\"dateModified\":\"2021-07-26T11:53:44+00:00\",\"breadcrumb\":{\"@id\":\"https:\\\/\\\/www.mfvk-arquitectura.com\\\/en\\\/legal-advise\\\/#breadcrumb\"},\"inLanguage\":\"en-US\",\"potentialAction\":[{\"@type\":\"ReadAction\",\"target\":[\"https:\\\/\\\/www.mfvk-arquitectura.com\\\/en\\\/legal-advise\\\/\"]}]},{\"@type\":\"BreadcrumbList\",\"@id\":\"https:\\\/\\\/www.mfvk-arquitectura.com\\\/en\\\/legal-advise\\\/#breadcrumb\",\"itemListElement\":[{\"@type\":\"ListItem\",\"position\":1,\"name\":\"Portada\",\"item\":\"https:\\\/\\\/www.mfvk-arquitectura.com\\\/en\\\/\"},{\"@type\":\"ListItem\",\"position\":2,\"name\":\"Legal Advise\"}]},{\"@type\":\"WebSite\",\"@id\":\"https:\\\/\\\/www.mfvk-arquitectura.com\\\/en\\\/#website\",\"url\":\"https:\\\/\\\/www.mfvk-arquitectura.com\\\/en\\\/\",\"name\":\"mfvk-arquitectura\",\"description\":\"Estudio Arquitectura El Puerto de Santa Mar\u00eda\",\"potentialAction\":[{\"@type\":\"SearchAction\",\"target\":{\"@type\":\"EntryPoint\",\"urlTemplate\":\"https:\\\/\\\/www.mfvk-arquitectura.com\\\/en\\\/?s={search_term_string}\"},\"query-input\":{\"@type\":\"PropertyValueSpecification\",\"valueRequired\":true,\"valueName\":\"search_term_string\"}}],\"inLanguage\":\"en-US\"}]}<\/script>\n<!-- \/ Yoast SEO plugin. -->","yoast_head_json":{"title":"Legal Advise - mfvk-arquitectura","robots":{"index":"index","follow":"follow","max-snippet":"max-snippet:-1","max-image-preview":"max-image-preview:large","max-video-preview":"max-video-preview:-1"},"canonical":"https:\/\/www.mfvk-arquitectura.com\/en\/legal-advise\/","og_locale":"en_US","og_type":"article","og_title":"Legal Advise - mfvk-arquitectura","og_description":"En cumplimiento del art\u00edculo 10 de la Ley 34\/2002, del 11 de julio, de servicios de la Sociedad de la Informaci\u00f3n y Comercio Electr\u00f3nico (LSSICE) se exponen a continuaci\u00f3n los datos identificativos del titular: Nombre: Manuel Fern\u00e1ndez van Kretschmar Arquitecto colegiado n\u00famero 352 del Colegio Oficial de Arquitectos de C\u00e1diz situado en Plaza de Mina, [&hellip;]","og_url":"https:\/\/www.mfvk-arquitectura.com\/en\/legal-advise\/","og_site_name":"mfvk-arquitectura","article_modified_time":"2021-07-26T11:53:44+00:00","twitter_card":"summary_large_image","twitter_misc":{"Est. reading time":"4 minutes"},"schema":{"@context":"https:\/\/schema.org","@graph":[{"@type":"WebPage","@id":"https:\/\/www.mfvk-arquitectura.com\/en\/legal-advise\/","url":"https:\/\/www.mfvk-arquitectura.com\/en\/legal-advise\/","name":"Legal Advise - mfvk-arquitectura","isPartOf":{"@id":"https:\/\/www.mfvk-arquitectura.com\/en\/#website"},"datePublished":"2021-06-29T09:04:22+00:00","dateModified":"2021-07-26T11:53:44+00:00","breadcrumb":{"@id":"https:\/\/www.mfvk-arquitectura.com\/en\/legal-advise\/#breadcrumb"},"inLanguage":"en-US","potentialAction":[{"@type":"ReadAction","target":["https:\/\/www.mfvk-arquitectura.com\/en\/legal-advise\/"]}]},{"@type":"BreadcrumbList","@id":"https:\/\/www.mfvk-arquitectura.com\/en\/legal-advise\/#breadcrumb","itemListElement":[{"@type":"ListItem","position":1,"name":"Portada","item":"https:\/\/www.mfvk-arquitectura.com\/en\/"},{"@type":"ListItem","position":2,"name":"Legal Advise"}]},{"@type":"WebSite","@id":"https:\/\/www.mfvk-arquitectura.com\/en\/#website","url":"https:\/\/www.mfvk-arquitectura.com\/en\/","name":"mfvk-arquitectura","description":"Estudio Arquitectura El Puerto de Santa Mar\u00eda","potentialAction":[{"@type":"SearchAction","target":{"@type":"EntryPoint","urlTemplate":"https:\/\/www.mfvk-arquitectura.com\/en\/?s={search_term_string}"},"query-input":{"@type":"PropertyValueSpecification","valueRequired":true,"valueName":"search_term_string"}}],"inLanguage":"en-US"}]}},"_links":{"self":[{"href":"https:\/\/www.mfvk-arquitectura.com\/en\/wp-json\/wp\/v2\/pages\/326","targetHints":{"allow":["GET"]}}],"collection":[{"href":"https:\/\/www.mfvk-arquitectura.com\/en\/wp-json\/wp\/v2\/pages"}],"about":[{"href":"https:\/\/www.mfvk-arquitectura.com\/en\/wp-json\/wp\/v2\/types\/page"}],"author":[{"embeddable":true,"href":"https:\/\/www.mfvk-arquitectura.com\/en\/wp-json\/wp\/v2\/users\/2"}],"replies":[{"embeddable":true,"href":"https:\/\/www.mfvk-arquitectura.com\/en\/wp-json\/wp\/v2\/comments?post=326"}],"version-history":[{"count":3,"href":"https:\/\/www.mfvk-arquitectura.com\/en\/wp-json\/wp\/v2\/pages\/326\/revisions"}],"predecessor-version":[{"id":336,"href":"https:\/\/www.mfvk-arquitectura.com\/en\/wp-json\/wp\/v2\/pages\/326\/revisions\/336"}],"wp:attachment":[{"href":"https:\/\/www.mfvk-arquitectura.com\/en\/wp-json\/wp\/v2\/media?parent=326"}],"curies":[{"name":"wp","href":"https:\/\/api.w.org\/{rel}","templated":true}]}}